{"id":771,"date":"2025-08-05T20:36:57","date_gmt":"2025-08-05T18:36:57","guid":{"rendered":"https:\/\/www.michaelborovka.cz\/?page_id=771"},"modified":"2025-08-19T18:02:40","modified_gmt":"2025-08-19T16:02:40","slug":"o-mne","status":"publish","type":"page","link":"https:\/\/www.michaelborovka.cz\/?page_id=771","title":{"rendered":"O mn\u011b"},"content":{"rendered":"\n<figure class=\"wp-block-image size-large\"><img loading=\"lazy\" decoding=\"async\" width=\"1024\" height=\"683\" src=\"https:\/\/www.michaelborovka.cz\/wp-content\/uploads\/2025\/08\/share-1024x683.jpg\" alt=\"\" class=\"wp-image-782\" srcset=\"https:\/\/www.michaelborovka.cz\/wp-content\/uploads\/2025\/08\/share-1024x683.jpg 1024w, https:\/\/www.michaelborovka.cz\/wp-content\/uploads\/2025\/08\/share-300x200.jpg 300w, https:\/\/www.michaelborovka.cz\/wp-content\/uploads\/2025\/08\/share-768x512.jpg 768w, https:\/\/www.michaelborovka.cz\/wp-content\/uploads\/2025\/08\/share-1536x1024.jpg 1536w, https:\/\/www.michaelborovka.cz\/wp-content\/uploads\/2025\/08\/share.jpg 2048w\" sizes=\"auto, (max-width: 1024px) 100vw, 1024px\" \/><\/figure>\n\n\n\n<p>Ahoj, jmenuji se Michael Borovka a narodil jsem se v roce 1994.<br><br>Fotografii se v\u011bnuji od sv\u00fdch patn\u00e1cti let, kdy jsem nastoupil na u\u010d\u0148ovskou \u0161kolu fotografie v \u010cesk\u00fdch Bud\u011bjovic\u00edch. M\u011bl jsem \u0161t\u011bst\u00ed na skv\u011bl\u00e9 u\u010ditele Michala Siro\u0148e a Ad\u00e9lu Pr\u00e1\u0161kovou, d\u00edky kter\u00fdm jsem se nau\u010dil nejen techniku, ale hlavn\u011b to, jak vn\u00edmat momenty, kter\u00e9 stoj\u00ed za to zachytit.<br><br>P\u0159es r\u016fzn\u00e9 \u017eivotn\u00ed v\u00fdzvy jako ADHD, poruchu pozornosti a r\u016fzn\u00e9 dysfunkce, kter\u00e9 m\u011b \u010dasto prov\u00e1z\u00ed, jsem si pr\u00e1v\u011b ve focen\u00ed na\u0161el klid, sm\u011br a zp\u016fsob, jak vyj\u00e1d\u0159it, co c\u00edt\u00edm. Um\u011bn\u00ed m\u011b v\u017edy p\u0159itahovalo, ale jedin\u00fd zp\u016fsob, jak ho dok\u00e1\u017eu opravdov\u011b tvo\u0159it je skrz hled\u00e1\u010dek fotoapar\u00e1tu.<br><br>Fot\u00edm p\u0159irozen\u011b, bez zbyte\u010dn\u00e9ho p\u00f3zov\u00e1n\u00ed a tlaku. M\u00e1m r\u00e1d, kdy\u017e je u focen\u00ed pohoda, trocha srandy, a kdy\u017e vznikne n\u011bco, co m\u00e1 du\u0161i. V\u011b\u0159\u00edm, \u017ee fotografie nemus\u00ed b\u00fdt dokonal\u00e1, ale m\u011bla by n\u011bco \u0159\u00edct. A p\u0159esn\u011b o to se sna\u017e\u00edm.<\/p>\n\n\n\n<p><\/p>\n","protected":false},"excerpt":{"rendered":"<p>Ahoj, jmenuji se Michael Borovka a narodil jsem se v roce 1994. Fotografii se v\u011bnuji od sv\u00fdch patn\u00e1cti let, kdy jsem nastoupil na u\u010d\u0148ovskou \u0161kolu fotografie v \u010cesk\u00fdch Bud\u011bjovic\u00edch. M\u011bl jsem \u0161t\u011bst\u00ed na skv\u011bl\u00e9 u\u010ditele Michala Siro\u0148e a Ad\u00e9lu Pr\u00e1\u0161kovou, d\u00edky kter\u00fdm jsem se nau\u010dil nejen techniku, ale hlavn\u011b to, jak vn\u00edmat momenty, kter\u00e9 stoj\u00ed [&hellip;]<\/p>\n","protected":false},"author":1,"featured_media":0,"parent":0,"menu_order":0,"comment_status":"closed","ping_status":"closed","template":"","meta":{"ngg_post_thumbnail":0,"footnotes":""},"class_list":["post-771","page","type-page","status-publish","hentry"],"_links":{"self":[{"href":"https:\/\/www.michaelborovka.cz\/index.php?rest_route=\/wp\/v2\/pages\/771","targetHints":{"allow":["GET"]}}],"collection":[{"href":"https:\/\/www.michaelborovka.cz\/index.php?rest_route=\/wp\/v2\/pages"}],"about":[{"href":"https:\/\/www.michaelborovka.cz\/index.php?rest_route=\/wp\/v2\/types\/page"}],"author":[{"embeddable":true,"href":"https:\/\/www.michaelborovka.cz\/index.php?rest_route=\/wp\/v2\/users\/1"}],"replies":[{"embeddable":true,"href":"https:\/\/www.michaelborovka.cz\/index.php?rest_route=%2Fwp%2Fv2%2Fcomments&post=771"}],"version-history":[{"count":9,"href":"https:\/\/www.michaelborovka.cz\/index.php?rest_route=\/wp\/v2\/pages\/771\/revisions"}],"predecessor-version":[{"id":800,"href":"https:\/\/www.michaelborovka.cz\/index.php?rest_route=\/wp\/v2\/pages\/771\/revisions\/800"}],"wp:attachment":[{"href":"https:\/\/www.michaelborovka.cz\/index.php?rest_route=%2Fwp%2Fv2%2Fmedia&parent=771"}],"curies":[{"name":"wp","href":"https:\/\/api.w.org\/{rel}","templated":true}]}}